{"id":2823,"date":"2025-06-18T15:58:52","date_gmt":"2025-06-18T13:58:52","guid":{"rendered":"https:\/\/www.chadotel.com\/?page_id=2823"},"modified":"2025-07-07T15:32:23","modified_gmt":"2025-07-07T13:32:23","slug":"verplichtingen-waarden","status":"publish","type":"page","link":"https:\/\/www.chadotel.com\/nl\/engagements-valeurs\/","title":{"rendered":"Onze verplichtingen en waarden"},"content":{"rendered":"<div class=\"wp-block-stackable-heading alignwide stk-block-heading stk-block-heading--v2 stk-block stk-1be7abd\" id=\"nos-engagements-amp-valeurs\" data-block-id=\"1be7abd\"><h1 class=\"stk-block-heading__text has-text-align-left\">Onze verplichtingen en waarden<\/h1><\/div>\n\n\n\n<div class=\"wp-block-stackable-columns alignfull stk-block-columns stk-block stk-ce3f8e8\" id=\"une-fabuleuse-histoire\" data-block-id=\"ce3f8e8\"><style>.stk-ce3f8e8 {margin-bottom:0px !important;}<\/style><div class=\"stk-row stk-inner-blocks stk-block-content stk-content-align stk-ce3f8e8-column alignfull\">\n<div class=\"wp-block-stackable-column stk-block-column stk-column stk-block stk-070cb33 stk-block-background stk--has-background-overlay\" data-v=\"4\" data-block-id=\"070cb33\"><style>.stk-070cb33 {background-image:url(https:\/\/www.chadotel.com\/wp-content\/uploads\/2025\/04\/wood.webp) !important;padding-top:0px !important;padding-right:0px !important;padding-bottom:130px !important;padding-left:0px !important;}.stk-070cb33-container{background-color:#FFFFFF !important;background-position:bottom right !important;background-repeat:no-repeat !important;background-size:contain !important;max-width:65% !important;min-width:auto !important;padding-top:100px !important;padding-right:200px !important;padding-bottom:60px !important;padding-left:200px !important;}.stk-070cb33-container:before{background-color:#FFFFFF !important;}@media screen and (max-width: 767px){.stk-070cb33-container{max-width:85% !important;min-width:auto !important;padding-top:20px !important;padding-right:20px !important;padding-bottom:20px !important;padding-left:15px !important;}}<\/style><style class=\"stk-custom-css\">@media(max-width:768px){.stk-070cb33.stk-block-column .stk-column-wrapper{margin-top:50px !important}}<\/style><div class=\"stk-column-wrapper stk-block-column__content stk-container stk-070cb33-container stk-hover-parent\"><div class=\"stk-block-content stk-inner-blocks stk-070cb33-inner-blocks\">\n<div class=\"wp-block-stackable-heading stk-block-heading stk-block-heading--v2 stk-block stk-360c879\" id=\"les-valeurs-et-engagements-du-groupe-chadotel\" data-block-id=\"360c879\"><h2 class=\"stk-block-heading__text\">De waarden en verplichtingen van de groep Chadotel<\/h2><\/div>\n\n\n\n<div class=\"wp-block-stackable-text stk-block-text stk-block stk-56967a9\" data-block-id=\"56967a9\"><style>.stk-56967a9 .stk-block-text__text{font-size:1rem !important;color:#111111 !important;font-weight:400 !important;font-family:\"Comfortaa\", Sans-serif !important;}@media screen and (max-width: 1023px){.stk-56967a9 .stk-block-text__text{font-size:1rem !important;}}<\/style><p class=\"stk-block-text__text has-text-color has-text-align-left\">De Chadotel-groep zet zich al meer dan 30 jaar in voor het aanbieden van authentieke, comfortabele en milieuvriendelijke outdoorvakanties.<\/p><\/div>\n\n\n\n<div class=\"wp-block-stackable-text stk-block-text stk-block stk-e9d5748\" data-block-id=\"e9d5748\"><style>.stk-e9d5748 .stk-block-text__text{font-size:1rem !important;color:#111111 !important;font-weight:400 !important;font-family:\"Comfortaa\", Sans-serif !important;}@media screen and (max-width: 1023px){.stk-e9d5748 .stk-block-text__text{font-size:1rem !important;}}<\/style><p class=\"stk-block-text__text has-text-color has-text-align-left\">Chadotel, dat langs de hele kust aanwezig is, promoot sterke waarden gebaseerd op kwaliteit van onthaal, duurzame ontwikkeling en verantwoord toerisme.<\/p><\/div>\n\n\n\n<div class=\"wp-block-stackable-image stk-block-image stk-block stk-1b25bd2\" data-block-id=\"1b25bd2\"><style>.stk-1b25bd2 {right:-450px !important;bottom:30px !important;position:absolute !important;}.stk-1b25bd2 .stk-img-wrapper{width:388px !important;}<\/style><figure><span class=\"stk-img-wrapper stk-image--shape-stretch\"><img loading=\"lazy\" decoding=\"async\" class=\"stk-img wp-image-54\" src=\"https:\/\/www.chadotel.com\/wp-content\/uploads\/2025\/04\/poisson.png\" width=\"388\" height=\"281\" alt=\"campings Chadotel\" srcset=\"https:\/\/www.chadotel.com\/wp-content\/uploads\/2025\/04\/poisson.png 388w, https:\/\/www.chadotel.com\/wp-content\/uploads\/2025\/04\/poisson-300x217.png 300w\" sizes=\"auto, (max-width: 388px) 100vw, 388px\" \/><\/span><\/figure><\/div>\n<\/div><\/div><\/div>\n<\/div><\/div>\n\n\n\n<div class=\"wp-block-stackable-columns alignfull stk-block-columns stk-block stk-d4cb132\" data-block-id=\"d4cb132\"><style>.stk-d4cb132 .stk--block-align-d4cb132{align-items:center !important;}.stk-d4cb132 {margin-bottom:40px !important;}.stk-d4cb132-column{--stk-columns-spacing:0px !important;--stk-column-gap:30px !important;}<\/style><div class=\"stk-row stk-inner-blocks stk--block-align-d4cb132 stk-block-content stk-content-align stk-d4cb132-column alignfull\">\n<div class=\"wp-block-stackable-column stk-block-column stk-column stk-block stk-847ed44\" data-v=\"4\" data-block-id=\"847ed44\"><style>@media screen and (min-width: 768px){.stk-847ed44 {flex:var(--stk-flex-grow, 1) 1 calc(33.333% - var(--stk-column-gap, 0px) * 1 \/ 2 ) !important;}}<\/style><div class=\"stk-column-wrapper stk-block-column__content stk-container stk-847ed44-container stk--no-background stk--no-padding\"><div class=\"stk-block-content stk-inner-blocks stk-847ed44-inner-blocks\">\n<div class=\"wp-block-stackable-image stk-block-image stk-block stk-76f4e73\" data-block-id=\"76f4e73\"><style>.stk-76f4e73 .stk-img-wrapper{width:100% !important;height:634px !important;}@media screen and (max-width: 767px){.stk-76f4e73 .stk-img-wrapper{height:200px !important;}}<\/style><figure><span class=\"stk-img-wrapper stk-image--shape-stretch\"><img loading=\"lazy\" decoding=\"async\" class=\"stk-img wp-image-1722\" src=\"https:\/\/www.chadotel.com\/wp-content\/uploads\/2025\/05\/493731657_1228225645978043_2444487183790526303_n_webformat.webp\" width=\"940\" height=\"788\" alt=\"loyaliteit lid campings chadotel\" srcset=\"https:\/\/www.chadotel.com\/wp-content\/uploads\/2025\/05\/493731657_1228225645978043_2444487183790526303_n_webformat.webp 940w, https:\/\/www.chadotel.com\/wp-content\/uploads\/2025\/05\/493731657_1228225645978043_2444487183790526303_n_webformat-300x251.webp 300w, https:\/\/www.chadotel.com\/wp-content\/uploads\/2025\/05\/493731657_1228225645978043_2444487183790526303_n_webformat-768x644.webp 768w, https:\/\/www.chadotel.com\/wp-content\/uploads\/2025\/05\/493731657_1228225645978043_2444487183790526303_n_webformat-500x419.webp 500w, https:\/\/www.chadotel.com\/wp-content\/uploads\/2025\/05\/493731657_1228225645978043_2444487183790526303_n_webformat-800x671.webp 800w\" sizes=\"auto, (max-width: 940px) 100vw, 940px\" \/><\/span><\/figure><\/div>\n<\/div><\/div><\/div>\n\n\n\n<div class=\"wp-block-stackable-column stk-block-column stk-column stk-block stk-229e594\" data-v=\"4\" data-block-id=\"229e594\"><style>@media screen and (min-width: 768px){.stk-229e594 {flex:var(--stk-flex-grow, 1) 1 calc(66.667% - var(--stk-column-gap, 0px) * 1 \/ 2 ) !important;}}@media screen and (max-width: 767px){.stk-229e594-container{padding-top:15px !important;padding-right:15px !important;padding-bottom:15px !important;padding-left:15px !important;}}<\/style><div class=\"stk-column-wrapper stk-block-column__content stk-container stk-229e594-container stk--no-background stk--no-padding\"><div class=\"stk-block-content stk-inner-blocks stk-229e594-inner-blocks\">\n<div class=\"wp-block-stackable-heading stk-block-heading stk-block-heading--v2 stk-block stk-9854287\" id=\"un-engagement-concret-pour-lecologie\" data-block-id=\"9854287\"><h2 class=\"stk-block-heading__text\">Een praktische toewijding aan het milieu<\/h2><\/div>\n\n\n\n<div class=\"wp-block-stackable-text stk-block-text stk-block stk-6518bee\" data-block-id=\"6518bee\"><style>.stk-6518bee .stk-block-text__text{font-size:1rem !important;font-weight:400 !important;font-family:\"Comfortaa\", Sans-serif !important;}@media screen and (max-width: 1023px){.stk-6518bee .stk-block-text__text{font-size:1rem !important;}}<\/style><p class=\"stk-block-text__text\">Chadotel onderneemt elke dag actie om de impact op het milieu te verminderen:<\/p><\/div>\n\n\n\n<div class=\"wp-block-stackable-icon-list stk-block-icon-list stk-block stk-31bfdaa\" data-block-id=\"31bfdaa\"><style>.stk-31bfdaa {--stk-icon-list-marker-color:#0088a1 !important;--stk-icon-list-icon-size:6px !important;}.stk-31bfdaa .stk-block-icon-list-item__content{align-items:baseline !important;}.stk-31bfdaa ul li, .stk-31bfdaa ol li, .stk-31bfdaa ul li span, .stk-31bfdaa ol li span{font-family:\"Comfortaa\", Sans-serif !important;}<\/style><svg style=\"display:none\"><defs><g id=\"stk-icon-list__icon-svg-def-31bfdaa\"><svg xmlns=\"http:\/\/www.w3.org\/2000\/svg\" viewbox=\"0 0 512 512\"><path d=\"M256 512A256 256 0 1 0 256 0a256 256 0 1 0 0 512z\"\/><\/svg><\/g><\/defs><\/svg><ul class=\"stk-block-icon-list__ul stk-block-icon-list--column\">\n<li class=\"wp-block-stackable-icon-list-item stk-block-icon-list-item stk-block stk-3db3838\" data-block-id=\"3db3838\"><style>.stk-3db3838 .stk-block-icon-list-item__text{font-size:1rem !important;font-family:\"Comfortaa\", Sans-serif !important;}@media screen and (max-width: 1023px){.stk-3db3838 .stk-block-icon-list-item__text{font-size:1rem !important;}}<\/style><div class=\"stk-block-icon-list-item__content\"><span class=\"stk--svg-wrapper\"><div class=\"stk--inner-svg\"><svg aria-hidden=\"true\" width=\"32\" height=\"32\"><use xlink:href=\"#stk-icon-list__icon-svg-def-31bfdaa\"><\/use><\/svg><\/div><\/span><span class=\"stk-block-icon-list-item__text\">Meer selectieve sortering en compostering op verschillende locaties<\/span><\/div><\/li>\n\n\n\n<li class=\"wp-block-stackable-icon-list-item stk-block-icon-list-item stk-block stk-04f3056\" data-block-id=\"04f3056\"><style>.stk-04f3056 .stk-block-icon-list-item__text{font-size:1rem !important;font-family:\"Comfortaa\", Sans-serif !important;}@media screen and (max-width: 1023px){.stk-04f3056 .stk-block-icon-list-item__text{font-size:1rem !important;}}<\/style><div class=\"stk-block-icon-list-item__content\"><span class=\"stk--svg-wrapper\"><div class=\"stk--inner-svg\"><svg aria-hidden=\"true\" width=\"32\" height=\"32\"><use xlink:href=\"#stk-icon-list__icon-svg-def-31bfdaa\"><\/use><\/svg><\/div><\/span><span class=\"stk-block-icon-list-item__text\">Plastic voor eenmalig gebruik verminderen<\/span><\/div><\/li>\n\n\n\n<li class=\"wp-block-stackable-icon-list-item stk-block-icon-list-item stk-block stk-6d4ef63\" data-block-id=\"6d4ef63\"><style>.stk-6d4ef63 .stk-block-icon-list-item__text{font-size:1rem !important;font-family:\"Comfortaa\", Sans-serif !important;}@media screen and (max-width: 1023px){.stk-6d4ef63 .stk-block-icon-list-item__text{font-size:1rem !important;}}<\/style><div class=\"stk-block-icon-list-item__content\"><span class=\"stk--svg-wrapper\"><div class=\"stk--inner-svg\"><svg aria-hidden=\"true\" width=\"32\" height=\"32\"><use xlink:href=\"#stk-icon-list__icon-svg-def-31bfdaa\"><\/use><\/svg><\/div><\/span><span class=\"stk-block-icon-list-item__text\">Installatie van zonnepanelen op bepaalde campings<\/span><\/div><\/li>\n\n\n\n<li class=\"wp-block-stackable-icon-list-item stk-block-icon-list-item stk-block stk-4773afb\" data-block-id=\"4773afb\"><style>.stk-4773afb .stk-block-icon-list-item__text{font-size:1rem !important;font-family:\"Comfortaa\", Sans-serif !important;}@media screen and (max-width: 1023px){.stk-4773afb .stk-block-icon-list-item__text{font-size:1rem !important;}}<\/style><div class=\"stk-block-icon-list-item__content\"><span class=\"stk--svg-wrapper\"><div class=\"stk--inner-svg\"><svg aria-hidden=\"true\" width=\"32\" height=\"32\"><use xlink:href=\"#stk-icon-list__icon-svg-def-31bfdaa\"><\/use><\/svg><\/div><\/span><span class=\"stk-block-icon-list-item__text\">Ge\u00efntegreerd beheer van groene ruimten, zonder fytosanitaire producten<\/span><\/div><\/li>\n\n\n\n<li class=\"wp-block-stackable-icon-list-item stk-block-icon-list-item stk-block stk-3d38a50\" data-block-id=\"3d38a50\"><style>.stk-3d38a50 .stk-block-icon-list-item__text{font-size:1rem !important;font-family:\"Comfortaa\", Sans-serif !important;}@media screen and (max-width: 1023px){.stk-3d38a50 .stk-block-icon-list-item__text{font-size:1rem !important;}}<\/style><div class=\"stk-block-icon-list-item__content\"><span class=\"stk--svg-wrapper\"><div class=\"stk--inner-svg\"><svg aria-hidden=\"true\" width=\"32\" height=\"32\"><use xlink:href=\"#stk-icon-list__icon-svg-def-31bfdaa\"><\/use><\/svg><\/div><\/span><span class=\"stk-block-icon-list-item__text\">Bewustmaking van vakantiegangers door natuuractiviteiten<\/span><\/div><\/li>\n<\/ul><\/div>\n\n\n\n<div class=\"wp-block-stackable-text stk-block-text stk-block stk-5c69a56\" data-block-id=\"5c69a56\"><style>.stk-5c69a56 .stk-block-text__text{font-size:1rem !important;color:#111111 !important;font-weight:400 !important;font-family:\"Comfortaa\", Sans-serif !important;}@media screen and (max-width: 1023px){.stk-5c69a56 .stk-block-text__text{font-size:1rem !important;}}<\/style><p class=\"stk-block-text__text has-text-color has-text-align-left\">Onze ambitie is duidelijk: duurzame vakanties aanbieden, waar iedereen weer in contact kan komen met de natuur met respect voor de gastomgeving.<\/p><\/div>\n\n\n\n<div class=\"wp-block-stackable-heading stk-block-heading stk-block-heading--v2 stk-block stk-64ad7ab\" id=\"des-vacances-conviviales-et-familiales\" data-block-id=\"64ad7ab\"><h2 class=\"stk-block-heading__text\">Gezinsvriendelijke vakanties<\/h2><\/div>\n\n\n\n<div class=\"wp-block-stackable-text stk-block-text stk-block stk-6c68668\" data-block-id=\"6c68668\"><style>.stk-6c68668 .stk-block-text__text{font-size:1rem !important;color:#111111 !important;font-weight:400 !important;font-family:\"Comfortaa\", Sans-serif !important;}@media screen and (max-width: 1023px){.stk-6c68668 .stk-block-text__text{font-size:1rem !important;}}<\/style><p class=\"stk-block-text__text has-text-color has-text-align-left\">Chadotel is bovenal een familiebedrijf, waar gezelligheid en samen delen centraal staan. Onze campings zijn ontworpen om gezinnen van alle generaties te ontvangen, in een warme en ontspannen sfeer.<\/p><\/div>\n\n\n\n<div class=\"wp-block-stackable-text stk-block-text stk-block stk-13159d0\" data-block-id=\"13159d0\"><style>.stk-13159d0 .stk-block-text__text{font-size:1rem !important;color:#111111 !important;font-weight:400 !important;font-family:\"Comfortaa\", Sans-serif !important;}@media screen and (max-width: 1023px){.stk-13159d0 .stk-block-text__text{font-size:1rem !important;}}<\/style><p class=\"stk-block-text__text has-text-color has-text-align-left\">Het hele seizoen door worden er verschillende activiteiten aangeboden: kinderclubs onder begeleiding van gediplomeerde animatoren, sporttoernooien, thema-avonden, shows... Er is voor elk wat wils, van heel jong tot heel oud, om met het hele gezin herinneringen op te halen.<\/p><\/div>\n<\/div><\/div><\/div>\n<\/div><\/div>","protected":false},"excerpt":{"rendered":"<p>Nos engagements &amp; valeurs Les valeurs et engagements du groupe Chadotel Depuis plus de 30 ans, le groupe Chadotel s\u2019engage \u00e0 proposer des vacances en plein air authentiques, confortables et respectueuses de l\u2019environnement. Pr\u00e9sent sur le littoral, Chadotel d\u00e9fend des valeurs fortes autour de la qualit\u00e9 d\u2019accueil, du d\u00e9veloppement durable et du tourisme responsable. Un [&hellip;]<\/p>\n","protected":false},"author":1,"featured_media":1674,"parent":0,"menu_order":0,"comment_status":"closed","ping_status":"closed","template":"","meta":{"_acf_changed":false,"_seopress_robots_primary_cat":"","_seopress_titles_title":"Les valeurs et engagements du groupe Chadotel","_seopress_titles_desc":"Depuis plus de 30 ans, Chadotel s\u2019engage \u00e0 proposer des vacances en plein air authentiques, confortables & respectueuses de l\u2019environnement.","_seopress_robots_index":"","_seopress_analysis_target_kw":"","_vp_format_video_url":"","_vp_image_focal_point":[],"footnotes":""},"destination":[],"class_list":["post-2823","page","type-page","status-publish","has-post-thumbnail","hentry"],"acf":[],"_links":{"self":[{"href":"https:\/\/www.chadotel.com\/nl\/wp-json\/wp\/v2\/pages\/2823","targetHints":{"allow":["GET"]}}],"collection":[{"href":"https:\/\/www.chadotel.com\/nl\/wp-json\/wp\/v2\/pages"}],"about":[{"href":"https:\/\/www.chadotel.com\/nl\/wp-json\/wp\/v2\/types\/page"}],"author":[{"embeddable":true,"href":"https:\/\/www.chadotel.com\/nl\/wp-json\/wp\/v2\/users\/1"}],"replies":[{"embeddable":true,"href":"https:\/\/www.chadotel.com\/nl\/wp-json\/wp\/v2\/comments?post=2823"}],"version-history":[{"count":7,"href":"https:\/\/www.chadotel.com\/nl\/wp-json\/wp\/v2\/pages\/2823\/revisions"}],"predecessor-version":[{"id":32023,"href":"https:\/\/www.chadotel.com\/nl\/wp-json\/wp\/v2\/pages\/2823\/revisions\/32023"}],"wp:featuredmedia":[{"embeddable":true,"href":"https:\/\/www.chadotel.com\/nl\/wp-json\/wp\/v2\/media\/1674"}],"wp:attachment":[{"href":"https:\/\/www.chadotel.com\/nl\/wp-json\/wp\/v2\/media?parent=2823"}],"wp:term":[{"taxonomy":"destination","embeddable":true,"href":"https:\/\/www.chadotel.com\/nl\/wp-json\/wp\/v2\/destination?post=2823"}],"curies":[{"name":"wp","href":"https:\/\/api.w.org\/{rel}","templated":true}]}}