{"id":32301,"date":"2025-07-09T14:10:24","date_gmt":"2025-07-09T12:10:24","guid":{"rendered":"https:\/\/www.chadotel.com\/?page_id=32301"},"modified":"2025-07-18T11:21:19","modified_gmt":"2025-07-18T09:21:19","slug":"kort-verblijf","status":"publish","type":"page","link":"https:\/\/www.chadotel.com\/nl\/courts-sejour\/","title":{"rendered":"Korte pauzes"},"content":{"rendered":"<div class=\"wp-block-stackable-heading stk-block-heading stk-block-heading--v2 stk-block stk-01347bc\" id=\"courts-sejours-chadotel\" data-block-id=\"01347bc\"><h1 class=\"stk-block-heading__text has-text-align-center\">Korte vakanties Chadotel<\/h1><\/div>\n\n\n\n<div class=\"wp-block-stackable-columns alignwide stk-block-columns stk-block stk-c4360d5\" data-block-id=\"c4360d5\"><div class=\"stk-row stk-inner-blocks stk-block-content stk-content-align stk-c4360d5-column alignwide\">\n<div class=\"wp-block-stackable-column stk-block-column stk-column stk-block stk-5d2bb35\" data-v=\"4\" data-block-id=\"5d2bb35\"><div class=\"stk-column-wrapper stk-block-column__content stk-container stk-5d2bb35-container stk--no-background stk--no-padding\"><div class=\"stk-block-content stk-inner-blocks stk-5d2bb35-inner-blocks\">\n<div class=\"wp-block-stackable-text stk-block-text stk-block stk-e8847bf\" data-block-id=\"e8847bf\"><style>.stk-e8847bf .stk-block-text__text{font-size:1rem !important;}@media screen and (max-width: 1023px){.stk-e8847bf .stk-block-text__text{font-size:1rem !important;}}<\/style><p class=\"stk-block-text__text has-text-align-center\">Wil je er een paar dagen tussenuit zonder een hele week te hoeven boeken? Chadotel biedt <strong>korte vakanties<\/strong> zelfs in het hoogseizoen, een ideale optie voor vakantiegangers die op zoek zijn naar flexibiliteit. Of je nu op zoek bent naar een lang weekend aan zee of een paar dagen avontuur met het hele gezin, deze pakketten kunnen worden aangepast aan je schema en je wensen.<\/p><\/div>\n\n\n\n<div class=\"wp-block-stackable-text stk-block-text stk-block stk-ee5622e\" data-block-id=\"ee5622e\"><style>.stk-ee5622e .stk-block-text__text{font-size:1rem !important;}@media screen and (max-width: 1023px){.stk-ee5622e .stk-block-text__text{font-size:1rem !important;}}<\/style><p class=\"stk-block-text__text has-text-align-center\">Het is een praktische en voordelige oplossing voor wie er even tussenuit wil zonder een langdurige verbintenis aan te gaan. Perfect om een bestemming uit te proberen of te genieten van een moment van ontspanning zonder de gebruikelijke beperkingen!<\/p><\/div>\n<\/div><\/div><\/div>\n<\/div><\/div>","protected":false},"excerpt":{"rendered":"<p>Courts s\u00e9jours Chadotel Envie de vous \u00e9vader quelques jours sans devoir r\u00e9server une semaine enti\u00e8re ? Chadotel propose des courts s\u00e9jours m\u00eame en haute saison, une option id\u00e9ale pour les vacanciers \u00e0 la recherche de flexibilit\u00e9. Que ce soit pour un week-end prolong\u00e9 en bord de mer ou quelques jours d&rsquo;aventure en famille, ces formules [&hellip;]<\/p>\n","protected":false},"author":1,"featured_media":32099,"parent":0,"menu_order":0,"comment_status":"closed","ping_status":"closed","template":"wp-custom-template-pages-avec-recherche","meta":{"_acf_changed":false,"_seopress_robots_primary_cat":"","_seopress_titles_title":"Courts s\u00e9jours camping \u2013 Atlantique & M\u00e9diterran\u00e9e Chadotel","_seopress_titles_desc":"Partez en week-end ou mini vacances avec nos courts s\u00e9jours en camping sur la c\u00f4te Atlantique ou en M\u00e9diterran\u00e9e. Flexibilit\u00e9 et confort garantis\u202f!","_seopress_robots_index":"","_seopress_analysis_target_kw":"","_vp_format_video_url":"","_vp_image_focal_point":[],"footnotes":""},"destination":[],"class_list":["post-32301","page","type-page","status-publish","has-post-thumbnail","hentry"],"acf":[],"_links":{"self":[{"href":"https:\/\/www.chadotel.com\/nl\/wp-json\/wp\/v2\/pages\/32301","targetHints":{"allow":["GET"]}}],"collection":[{"href":"https:\/\/www.chadotel.com\/nl\/wp-json\/wp\/v2\/pages"}],"about":[{"href":"https:\/\/www.chadotel.com\/nl\/wp-json\/wp\/v2\/types\/page"}],"author":[{"embeddable":true,"href":"https:\/\/www.chadotel.com\/nl\/wp-json\/wp\/v2\/users\/1"}],"replies":[{"embeddable":true,"href":"https:\/\/www.chadotel.com\/nl\/wp-json\/wp\/v2\/comments?post=32301"}],"version-history":[{"count":7,"href":"https:\/\/www.chadotel.com\/nl\/wp-json\/wp\/v2\/pages\/32301\/revisions"}],"predecessor-version":[{"id":32897,"href":"https:\/\/www.chadotel.com\/nl\/wp-json\/wp\/v2\/pages\/32301\/revisions\/32897"}],"wp:featuredmedia":[{"embeddable":true,"href":"https:\/\/www.chadotel.com\/nl\/wp-json\/wp\/v2\/media\/32099"}],"wp:attachment":[{"href":"https:\/\/www.chadotel.com\/nl\/wp-json\/wp\/v2\/media?parent=32301"}],"wp:term":[{"taxonomy":"destination","embeddable":true,"href":"https:\/\/www.chadotel.com\/nl\/wp-json\/wp\/v2\/destination?post=32301"}],"curies":[{"name":"wp","href":"https:\/\/api.w.org\/{rel}","templated":true}]}}